{"id":11959,"date":"2025-01-20T16:40:16","date_gmt":"2025-01-20T15:40:16","guid":{"rendered":"https:\/\/lyceerudloff.com\/?page_id=11959"},"modified":"2025-01-20T16:47:44","modified_gmt":"2025-01-20T15:47:44","slug":"ulis-salle-de-classe","status":"publish","type":"page","link":"https:\/\/lyceerudloff.com\/index.php\/ulis-salle-de-classe\/","title":{"rendered":"Ulis &#8211; Salle de classe"},"content":{"rendered":"\n<div class=\"wp-block-group\"><div class=\"wp-block-group__inner-container is-layout-constrained wp-block-group-is-layout-constrained\"><div class=\"wp-block-image\">\n<figure class=\"aligncenter size-large is-resized\"><img decoding=\"async\" src=\"https:\/\/siteulislyceemarcelrudloff.wordpress.com\/wp-content\/uploads\/2024\/11\/r.jpg?w=1024\" alt=\"\" class=\"wp-image-374\" style=\"width:647px;height:auto\"\/><\/figure>\n<\/div><\/div><\/div>\n\n\n\n<div class=\"wp-block-group\"><div class=\"wp-block-group__inner-container is-layout-constrained wp-block-group-is-layout-constrained\">\n<p>La salle de l\u2019ULIS est \u00ab d\u00e9coup\u00e9e \u00bb en plusieurs zones :<br>\u25aa Zone \u00ab Num\u00e9rique \u00bb \u00e9quip\u00e9e d\u2019ordinateurs, de casques\/micro, des logiciels tels que la reconnaissance vocale, le synth\u00e9tiseur vocal, des scanners portables.<\/p>\n\n\n<div class=\"wp-block-image\">\n<figure class=\"aligncenter size-large is-resized\"><img decoding=\"async\" src=\"https:\/\/siteulislyceemarcelrudloff.wordpress.com\/wp-content\/uploads\/2024\/11\/20241119_112038-2.jpg?w=766\" alt=\"\" class=\"wp-image-357\" style=\"width:304px;height:auto\"\/><\/figure>\n<\/div>\n\n\n<p><br>\u25aa Zone \u00ab D\u00e9velopper \u00bb :<br>\u25aa Zone personnelle ou en bin\u00f4me avec la possibilit\u00e9 de porter un casque pour diminuer les bruits environnants.<br>\u25aa Zone collective pour \u00e9changer et travailler en groupe (projection sur tableau blanc), \u00e9quip\u00e9e de tables \u00e0 hauteur variable, de ballons, de p\u00e9daliers, de balles anti-stress, d\u2019un punching-ball\u2026<\/p>\n\n\n<div class=\"wp-block-image\">\n<figure class=\"aligncenter\"><img decoding=\"async\" src=\"https:\/\/siteulislyceemarcelrudloff.wordpress.com\/wp-content\/uploads\/2024\/11\/image-2.jpeg?w=450\" alt=\"\" class=\"wp-image-43\"\/><\/figure>\n<\/div>\n\n\n<p>\u25aa Zone \u00ab Echanger \u00bb : Cet espace peut servir \u00e0 se ressourcer durant des temps de pause, \u00e0 lire, \u00e0 \u00e9changer avec ses camarades, \u00e0 d\u00e9buter un travail r\u00e9flexif, \u00e0 suivre une visioconf\u00e9rence, \u00e0 revoir un cours\u2026<\/p>\n\n\n<div class=\"wp-block-image\">\n<figure class=\"aligncenter\"><img decoding=\"async\" src=\"https:\/\/siteulislyceemarcelrudloff.wordpress.com\/wp-content\/uploads\/2024\/11\/image-3-7.jpeg?w=276\" alt=\"\" class=\"wp-image-54\"\/><\/figure>\n<\/div>\n\n<div class=\"wp-block-image\">\n<figure class=\"aligncenter\"><img decoding=\"async\" src=\"https:\/\/siteulislyceemarcelrudloff.wordpress.com\/wp-content\/uploads\/2024\/11\/image-4-2.jpeg?w=486\" alt=\"\" class=\"wp-image-55\"\/><\/figure>\n<\/div>\n\n\n<p>\u25aa Zone \u00ab Cr\u00e9er \u00bb : C\u2019est une cellule d\u2019entra\u00eenement aux oraux (grand oral, CCF, entretiens d\u2019embauche). Elle est compos\u00e9e d\u2019un ring light, d\u2019un miroir et d\u2019un rideau. On y trouve \u00e9galement une fiche d\u2019auto-\u00e9valuation \u00e0 l\u2019oral.<\/p>\n\n\n<div class=\"wp-block-image\">\n<figure class=\"aligncenter\"><img decoding=\"async\" src=\"https:\/\/siteulislyceemarcelrudloff.wordpress.com\/wp-content\/uploads\/2024\/11\/image-5.jpeg?w=277\" alt=\"\" class=\"wp-image-56\"\/><\/figure>\n<\/div>\n\n<div class=\"wp-block-image\">\n<figure class=\"aligncenter\"><img decoding=\"async\" src=\"https:\/\/siteulislyceemarcelrudloff.wordpress.com\/wp-content\/uploads\/2024\/11\/image-6.jpeg?w=273\" alt=\"\" class=\"wp-image-57\"\/><\/figure>\n<\/div>\n\n\n<p>\u25aa Zones \u00ab Manipuler \u00bb :<br>Ces zones permettent de s\u2019entra\u00eener \u00e0 r\u00e9aliser des installations \u00e9lectriques de base.<br>Des aides sont mises \u00e0 disposition des \u00e9l\u00e8ves pour favoriser l\u2019autonomie et l\u2019auto-\u00e9valuation.<\/p>\n\n\n<div class=\"wp-block-image\">\n<figure class=\"aligncenter\"><img decoding=\"async\" src=\"https:\/\/siteulislyceemarcelrudloff.wordpress.com\/wp-content\/uploads\/2024\/11\/image-7.jpeg?w=382\" alt=\"\" class=\"wp-image-59\"\/><\/figure>\n<\/div>\n\n<div class=\"wp-block-image\">\n<figure class=\"aligncenter\"><img decoding=\"async\" src=\"https:\/\/siteulislyceemarcelrudloff.wordpress.com\/wp-content\/uploads\/2024\/11\/image-8.jpeg?w=341\" alt=\"\" class=\"wp-image-60\"\/><\/figure>\n<\/div>\n\n\n<hr class=\"wp-block-separator alignfull has-alpha-channel-opacity\"\/>\n\n\n\n<h2 class=\"wp-block-heading has-text-align-center\">Contacts :<\/h2>\n\n\n\n<p class=\"has-text-align-center\">21, avenue Fran\u00e7ois Mitterrand \u2013 Strasbourg<br>+33 3 90 20 44 10 poste 644463<br>ulisrudloff@gmail.com<\/p>\n<\/div><\/div>\n","protected":false},"excerpt":{"rendered":"<p>La salle de l\u2019ULIS est \u00ab d\u00e9coup\u00e9e \u00bb en plusieurs zones :\u25aa Zone \u00ab Num\u00e9rique \u00bb \u00e9quip\u00e9e d\u2019ordinateurs, de casques\/micro, des logiciels tels que la reconnaissance vocale, le synth\u00e9tiseur vocal, des scanners portables. \u25aa Zone \u00ab D\u00e9velopper \u00bb :\u25aa Zone personnelle ou en bin\u00f4me avec la possibilit\u00e9 de porter un casque pour diminuer les bruits [&hellip;]<\/p>\n","protected":false},"author":52,"featured_media":0,"parent":0,"menu_order":0,"comment_status":"closed","ping_status":"closed","template":"","meta":{"footnotes":""},"categories":[118],"tags":[],"class_list":["post-11959","page","type-page","status-publish","hentry","category-ulis_cat"],"_links":{"self":[{"href":"https:\/\/lyceerudloff.com\/index.php\/wp-json\/wp\/v2\/pages\/11959","targetHints":{"allow":["GET"]}}],"collection":[{"href":"https:\/\/lyceerudloff.com\/index.php\/wp-json\/wp\/v2\/pages"}],"about":[{"href":"https:\/\/lyceerudloff.com\/index.php\/wp-json\/wp\/v2\/types\/page"}],"author":[{"embeddable":true,"href":"https:\/\/lyceerudloff.com\/index.php\/wp-json\/wp\/v2\/users\/52"}],"replies":[{"embeddable":true,"href":"https:\/\/lyceerudloff.com\/index.php\/wp-json\/wp\/v2\/comments?post=11959"}],"version-history":[{"count":2,"href":"https:\/\/lyceerudloff.com\/index.php\/wp-json\/wp\/v2\/pages\/11959\/revisions"}],"predecessor-version":[{"id":12047,"href":"https:\/\/lyceerudloff.com\/index.php\/wp-json\/wp\/v2\/pages\/11959\/revisions\/12047"}],"wp:attachment":[{"href":"https:\/\/lyceerudloff.com\/index.php\/wp-json\/wp\/v2\/media?parent=11959"}],"wp:term":[{"taxonomy":"category","embeddable":true,"href":"https:\/\/lyceerudloff.com\/index.php\/wp-json\/wp\/v2\/categories?post=11959"},{"taxonomy":"post_tag","embeddable":true,"href":"https:\/\/lyceerudloff.com\/index.php\/wp-json\/wp\/v2\/tags?post=11959"}],"curies":[{"name":"wp","href":"https:\/\/api.w.org\/{rel}","templated":true}]}}