{"id":12462,"date":"2025-03-26T08:20:18","date_gmt":"2025-03-26T07:20:18","guid":{"rendered":"https:\/\/lyceerudloff.com\/?page_id=12462"},"modified":"2026-03-18T13:42:29","modified_gmt":"2026-03-18T12:42:29","slug":"apprentissage-au-lycee-rudloff","status":"publish","type":"page","link":"https:\/\/lyceerudloff.com\/index.php\/apprentissage-au-lycee-rudloff\/","title":{"rendered":"Apprentissage au Lyc\u00e9e Rudloff"},"content":{"rendered":"\n<div style=\"height:26px\" aria-hidden=\"true\" class=\"wp-block-spacer\"><\/div>\n\n\n\n<h2 class=\"wp-block-heading has-text-align-center has-white-color has-text-color has-background\" style=\"background-color:#f39200\"><strong>Osez l&rsquo;apprentissage !<\/strong><\/h2>\n\n\n\n<figure class=\"wp-block-gallery has-nested-images columns-default is-cropped wp-block-gallery-1 is-layout-flex wp-block-gallery-is-layout-flex\">\n<figure class=\"wp-block-image size-large\"><a href=\"https:\/\/lyceerudloff.com\/wp-content\/uploads\/2026\/03\/osez-A41_bis.png\"><img loading=\"lazy\" decoding=\"async\" width=\"724\" height=\"1024\" data-id=\"15005\" src=\"https:\/\/lyceerudloff.com\/wp-content\/uploads\/2026\/03\/osez-A41_bis-724x1024.png\" alt=\"\" class=\"wp-image-15005\" srcset=\"https:\/\/lyceerudloff.com\/wp-content\/uploads\/2026\/03\/osez-A41_bis-724x1024.png 724w, https:\/\/lyceerudloff.com\/wp-content\/uploads\/2026\/03\/osez-A41_bis-212x300.png 212w, https:\/\/lyceerudloff.com\/wp-content\/uploads\/2026\/03\/osez-A41_bis-768x1087.png 768w, https:\/\/lyceerudloff.com\/wp-content\/uploads\/2026\/03\/osez-A41_bis.png 1060w\" sizes=\"auto, (max-width: 724px) 100vw, 724px\" \/><\/a><\/figure>\n\n\n\n<figure class=\"wp-block-image size-large\"><a href=\"https:\/\/lyceerudloff.com\/wp-content\/uploads\/2025\/03\/osez-A42.png\"><img loading=\"lazy\" decoding=\"async\" width=\"724\" height=\"1024\" data-id=\"12392\" src=\"https:\/\/lyceerudloff.com\/wp-content\/uploads\/2025\/03\/osez-A42-724x1024.png\" alt=\"\" class=\"wp-image-12392\" srcset=\"https:\/\/lyceerudloff.com\/wp-content\/uploads\/2025\/03\/osez-A42-724x1024.png 724w, https:\/\/lyceerudloff.com\/wp-content\/uploads\/2025\/03\/osez-A42-212x300.png 212w, https:\/\/lyceerudloff.com\/wp-content\/uploads\/2025\/03\/osez-A42-768x1087.png 768w, https:\/\/lyceerudloff.com\/wp-content\/uploads\/2025\/03\/osez-A42-17x24.png 17w, https:\/\/lyceerudloff.com\/wp-content\/uploads\/2025\/03\/osez-A42-25x36.png 25w, https:\/\/lyceerudloff.com\/wp-content\/uploads\/2025\/03\/osez-A42-34x48.png 34w, https:\/\/lyceerudloff.com\/wp-content\/uploads\/2025\/03\/osez-A42.png 1060w\" sizes=\"auto, (max-width: 724px) 100vw, 724px\" \/><\/a><\/figure>\n\n\n\n<figure class=\"wp-block-image size-large\"><a href=\"https:\/\/lyceerudloff.com\/wp-content\/uploads\/2026\/03\/Chiffres-cles-juin-2025.png\"><img loading=\"lazy\" decoding=\"async\" width=\"724\" height=\"1024\" data-id=\"14995\" src=\"https:\/\/lyceerudloff.com\/wp-content\/uploads\/2026\/03\/Chiffres-cles-juin-2025-724x1024.png\" alt=\"\" class=\"wp-image-14995\" srcset=\"https:\/\/lyceerudloff.com\/wp-content\/uploads\/2026\/03\/Chiffres-cles-juin-2025-724x1024.png 724w, https:\/\/lyceerudloff.com\/wp-content\/uploads\/2026\/03\/Chiffres-cles-juin-2025-212x300.png 212w, https:\/\/lyceerudloff.com\/wp-content\/uploads\/2026\/03\/Chiffres-cles-juin-2025-768x1086.png 768w, https:\/\/lyceerudloff.com\/wp-content\/uploads\/2026\/03\/Chiffres-cles-juin-2025-1086x1536.png 1086w, https:\/\/lyceerudloff.com\/wp-content\/uploads\/2026\/03\/Chiffres-cles-juin-2025-1448x2048.png 1448w, https:\/\/lyceerudloff.com\/wp-content\/uploads\/2026\/03\/Chiffres-cles-juin-2025.png 1587w\" sizes=\"auto, (max-width: 724px) 100vw, 724px\" \/><\/a><\/figure>\n<\/figure>\n\n\n\n<h2 class=\"wp-block-heading has-text-align-center has-white-color has-text-color has-background\" style=\"background-color:#f39200\"><strong>Nos formations<\/strong><\/h2>\n\n\n\n<figure class=\"wp-block-gallery has-nested-images columns-default is-cropped wp-block-gallery-2 is-layout-flex wp-block-gallery-is-layout-flex\">\n<figure class=\"wp-block-image size-large\"><a href=\"https:\/\/lyceerudloff.com\/wp-content\/uploads\/2026\/03\/FP1P_TFP_CTC_NOV25.jpg\"><img loading=\"lazy\" decoding=\"async\" width=\"724\" height=\"1024\" data-id=\"14992\" src=\"https:\/\/lyceerudloff.com\/wp-content\/uploads\/2026\/03\/FP1P_TFP_CTC_NOV25-724x1024.jpg\" alt=\"\" class=\"wp-image-14992\" srcset=\"https:\/\/lyceerudloff.com\/wp-content\/uploads\/2026\/03\/FP1P_TFP_CTC_NOV25-724x1024.jpg 724w, https:\/\/lyceerudloff.com\/wp-content\/uploads\/2026\/03\/FP1P_TFP_CTC_NOV25-212x300.jpg 212w, https:\/\/lyceerudloff.com\/wp-content\/uploads\/2026\/03\/FP1P_TFP_CTC_NOV25-768x1086.jpg 768w, https:\/\/lyceerudloff.com\/wp-content\/uploads\/2026\/03\/FP1P_TFP_CTC_NOV25-1086x1536.jpg 1086w, https:\/\/lyceerudloff.com\/wp-content\/uploads\/2026\/03\/FP1P_TFP_CTC_NOV25.jpg 1414w\" sizes=\"auto, (max-width: 724px) 100vw, 724px\" \/><\/a><\/figure>\n\n\n\n<figure class=\"wp-block-image size-large\"><a href=\"https:\/\/lyceerudloff.com\/wp-content\/uploads\/2026\/03\/FP1P_CAP-Electricien_NOV25-scaled.png\"><img loading=\"lazy\" decoding=\"async\" width=\"723\" height=\"1024\" data-id=\"14994\" src=\"https:\/\/lyceerudloff.com\/wp-content\/uploads\/2026\/03\/FP1P_CAP-Electricien_NOV25-723x1024.png\" alt=\"\" class=\"wp-image-14994\" srcset=\"https:\/\/lyceerudloff.com\/wp-content\/uploads\/2026\/03\/FP1P_CAP-Electricien_NOV25-723x1024.png 723w, https:\/\/lyceerudloff.com\/wp-content\/uploads\/2026\/03\/FP1P_CAP-Electricien_NOV25-212x300.png 212w, https:\/\/lyceerudloff.com\/wp-content\/uploads\/2026\/03\/FP1P_CAP-Electricien_NOV25-768x1088.png 768w, https:\/\/lyceerudloff.com\/wp-content\/uploads\/2026\/03\/FP1P_CAP-Electricien_NOV25-1085x1536.png 1085w, https:\/\/lyceerudloff.com\/wp-content\/uploads\/2026\/03\/FP1P_CAP-Electricien_NOV25-1446x2048.png 1446w, https:\/\/lyceerudloff.com\/wp-content\/uploads\/2026\/03\/FP1P_CAP-Electricien_NOV25-scaled.png 1808w\" sizes=\"auto, (max-width: 723px) 100vw, 723px\" \/><\/a><\/figure>\n\n\n\n<figure class=\"wp-block-image size-large\"><a href=\"https:\/\/lyceerudloff.com\/wp-content\/uploads\/2026\/03\/FP1P_BP_CIEL_NOV25-scaled.png\"><img loading=\"lazy\" decoding=\"async\" width=\"723\" height=\"1024\" data-id=\"14996\" src=\"https:\/\/lyceerudloff.com\/wp-content\/uploads\/2026\/03\/FP1P_BP_CIEL_NOV25-723x1024.png\" alt=\"\" class=\"wp-image-14996\" srcset=\"https:\/\/lyceerudloff.com\/wp-content\/uploads\/2026\/03\/FP1P_BP_CIEL_NOV25-723x1024.png 723w, https:\/\/lyceerudloff.com\/wp-content\/uploads\/2026\/03\/FP1P_BP_CIEL_NOV25-212x300.png 212w, https:\/\/lyceerudloff.com\/wp-content\/uploads\/2026\/03\/FP1P_BP_CIEL_NOV25-768x1088.png 768w, https:\/\/lyceerudloff.com\/wp-content\/uploads\/2026\/03\/FP1P_BP_CIEL_NOV25-1085x1536.png 1085w, https:\/\/lyceerudloff.com\/wp-content\/uploads\/2026\/03\/FP1P_BP_CIEL_NOV25-1446x2048.png 1446w, https:\/\/lyceerudloff.com\/wp-content\/uploads\/2026\/03\/FP1P_BP_CIEL_NOV25-scaled.png 1808w\" sizes=\"auto, (max-width: 723px) 100vw, 723px\" \/><\/a><\/figure>\n\n\n\n<figure class=\"wp-block-image size-large\"><a href=\"https:\/\/lyceerudloff.com\/wp-content\/uploads\/2026\/03\/FP1P_MSPC_NOV25.png\"><img loading=\"lazy\" decoding=\"async\" width=\"724\" height=\"1024\" data-id=\"14993\" src=\"https:\/\/lyceerudloff.com\/wp-content\/uploads\/2026\/03\/FP1P_MSPC_NOV25-724x1024.png\" alt=\"\" class=\"wp-image-14993\" srcset=\"https:\/\/lyceerudloff.com\/wp-content\/uploads\/2026\/03\/FP1P_MSPC_NOV25-724x1024.png 724w, https:\/\/lyceerudloff.com\/wp-content\/uploads\/2026\/03\/FP1P_MSPC_NOV25-212x300.png 212w, https:\/\/lyceerudloff.com\/wp-content\/uploads\/2026\/03\/FP1P_MSPC_NOV25-768x1086.png 768w, https:\/\/lyceerudloff.com\/wp-content\/uploads\/2026\/03\/FP1P_MSPC_NOV25-1086x1536.png 1086w, https:\/\/lyceerudloff.com\/wp-content\/uploads\/2026\/03\/FP1P_MSPC_NOV25.png 1414w\" sizes=\"auto, (max-width: 724px) 100vw, 724px\" \/><\/a><\/figure>\n\n\n\n<figure class=\"wp-block-image size-large\"><a href=\"https:\/\/lyceerudloff.com\/wp-content\/uploads\/2026\/03\/FP1P_BP_MELEC_NOV25.png\"><img loading=\"lazy\" decoding=\"async\" width=\"724\" height=\"1024\" data-id=\"14997\" src=\"https:\/\/lyceerudloff.com\/wp-content\/uploads\/2026\/03\/FP1P_BP_MELEC_NOV25-724x1024.png\" alt=\"\" class=\"wp-image-14997\" srcset=\"https:\/\/lyceerudloff.com\/wp-content\/uploads\/2026\/03\/FP1P_BP_MELEC_NOV25-724x1024.png 724w, https:\/\/lyceerudloff.com\/wp-content\/uploads\/2026\/03\/FP1P_BP_MELEC_NOV25-212x300.png 212w, https:\/\/lyceerudloff.com\/wp-content\/uploads\/2026\/03\/FP1P_BP_MELEC_NOV25-768x1086.png 768w, https:\/\/lyceerudloff.com\/wp-content\/uploads\/2026\/03\/FP1P_BP_MELEC_NOV25-1086x1536.png 1086w, https:\/\/lyceerudloff.com\/wp-content\/uploads\/2026\/03\/FP1P_BP_MELEC_NOV25.png 1414w\" sizes=\"auto, (max-width: 724px) 100vw, 724px\" \/><\/a><\/figure>\n<\/figure>\n\n\n\n<h2 class=\"wp-block-heading has-text-align-center has-white-color has-text-color has-background\" style=\"background-color:#cc00cc\"><strong>Planning des rentr\u00e9es des classes d\u2019apprentis (UFA)<\/strong><\/h2>\n\n\n\n<h2 class=\"wp-block-heading has-text-align-center has-cyan-bluish-gray-color has-text-color has-link-color wp-elements-ca9a4d996ca0d8530cbb3181b1c6329b\"><a href=\"https:\/\/lyceerudloff.com\/index.php\/2025\/08\/29\/apprentis-rentree-2025\/\" data-type=\"post\" data-id=\"13703\">Cliquez ici pour les dates <br>et horaires des rentr\u00e9es UFA.<\/a><\/h2>\n\n\n\n<h2 class=\"wp-block-heading has-text-align-center has-white-color has-text-color has-background\" style=\"background-color:#00945d\"><strong>Calendrier des formations<\/strong><\/h2>\n\n\n\n<h2 class=\"wp-block-heading has-text-align-center has-text-color\" style=\"color:#00945d\"><a href=\"https:\/\/lyceerudloff.com\/index.php\/2023\/09\/07\/ufa-plannings-et-calendriers\/\" data-type=\"post\" data-id=\"10060\">Cliquer ici<\/a> pour acc\u00e9der aux diff\u00e9rents calendriers et plannings.<\/h2>\n\n\n\n<h2 class=\"wp-block-heading has-white-color has-luminous-vivid-orange-background-color has-text-color has-background\">Vous souhaitez <mark class=\"has-inline-color\" style=\"background-color: rgba(0, 0, 0, 0); color: #734ba3;\">d\u00e9couvrir nos formations <\/mark>ou <mark class=\"has-inline-color\" style=\"background-color: rgba(0, 0, 0, 0); color: #017cb7;\">d\u00e9couvrir nos offres<\/mark> ?<\/h2>\n\n\n\n<div class=\"wp-block-group is-nowrap is-layout-flex wp-container-core-group-is-layout-ad2f72ca wp-block-group-is-layout-flex\">\n<div class=\"wp-block-columns is-layout-flex wp-container-core-columns-is-layout-9d6595d7 wp-block-columns-is-layout-flex\">\n<div class=\"wp-block-column is-layout-flow wp-block-column-is-layout-flow\" style=\"flex-basis:100%\">\n<div class=\"wp-block-group has-medium-font-size is-nowrap is-layout-flex wp-container-core-group-is-layout-ad2f72ca wp-block-group-is-layout-flex\">\n<h3 class=\"wp-block-heading has-text-align-left has-text-color\" style=\"color:#734ba3\">Pour d\u00e9couvrir nos formations, rendez-vous sur la page d\u00e9di\u00e9e \u00e0 notre UFA Marcel Rudloff sur le site d\u00e9di\u00e9 :<br><br><a href=\"https:\/\/www.greta-cfa-alsace.fr\/reseau\/ufa-rudloff\/\">https:\/\/www.greta-cfa-alsace.fr\/reseau\/ufa-rudloff\/<\/a><\/h3>\n\n\n<div class=\"wp-block-image\">\n<figure class=\"aligncenter size-full is-resized\"><a href=\"https:\/\/www.greta-cfa-alsace.fr\/reseau\/ufa-rudloff\/\"><img loading=\"lazy\" decoding=\"async\" width=\"521\" height=\"684\" src=\"https:\/\/lyceerudloff.com\/wp-content\/uploads\/2023\/02\/vignette_UFA.jpg\" alt=\"\" class=\"wp-image-9269\" style=\"width:230px;height:auto\" srcset=\"https:\/\/lyceerudloff.com\/wp-content\/uploads\/2023\/02\/vignette_UFA.jpg 521w, https:\/\/lyceerudloff.com\/wp-content\/uploads\/2023\/02\/vignette_UFA-229x300.jpg 229w, https:\/\/lyceerudloff.com\/wp-content\/uploads\/2023\/02\/vignette_UFA-18x24.jpg 18w, https:\/\/lyceerudloff.com\/wp-content\/uploads\/2023\/02\/vignette_UFA-27x36.jpg 27w, https:\/\/lyceerudloff.com\/wp-content\/uploads\/2023\/02\/vignette_UFA-37x48.jpg 37w\" sizes=\"auto, (max-width: 521px) 100vw, 521px\" \/><\/a><\/figure>\n<\/div><\/div>\n<\/div>\n<\/div>\n<\/div>\n\n\n\n<h2 class=\"wp-block-heading has-text-align-center has-white-color has-text-color has-background\" style=\"background-color:#0a7ec0\">D\u00e9couvrir nos offres d&rsquo;apprentissage, ou en proposer ?<\/h2>\n\n\n\n<div style=\"height:17px\" aria-hidden=\"true\" class=\"wp-block-spacer\"><\/div>\n\n\n\n<div class=\"wp-block-group is-content-justification-left is-nowrap is-layout-flex wp-container-core-group-is-layout-f56a869c wp-block-group-is-layout-flex\"><div class=\"wp-block-image\">\n<figure class=\"aligncenter size-full is-resized\"><img loading=\"lazy\" decoding=\"async\" width=\"350\" height=\"310\" src=\"https:\/\/lyceerudloff.com\/wp-content\/uploads\/2021\/05\/ici-nous-recherchon.jpg\" alt=\"\" class=\"wp-image-4667\" style=\"width:376px;height:auto\" srcset=\"https:\/\/lyceerudloff.com\/wp-content\/uploads\/2021\/05\/ici-nous-recherchon.jpg 350w, https:\/\/lyceerudloff.com\/wp-content\/uploads\/2021\/05\/ici-nous-recherchon-300x266.jpg 300w, https:\/\/lyceerudloff.com\/wp-content\/uploads\/2021\/05\/ici-nous-recherchon-24x21.jpg 24w, https:\/\/lyceerudloff.com\/wp-content\/uploads\/2021\/05\/ici-nous-recherchon-36x32.jpg 36w, https:\/\/lyceerudloff.com\/wp-content\/uploads\/2021\/05\/ici-nous-recherchon-48x43.jpg 48w\" sizes=\"auto, (max-width: 350px) 100vw, 350px\" \/><\/figure>\n<\/div>\n\n\n<div class=\"wp-block-group\"><div class=\"wp-block-group__inner-container is-layout-constrained wp-block-group-is-layout-constrained\">\n<p><\/p>\n\n\n\n<ul class=\"wp-block-list\">\n<li><strong><mark style=\"background-color: rgba(0, 0, 0, 0);\" class=\"has-inline-color has-luminous-vivid-orange-color\">Entreprises ?<\/mark><\/strong> <br>Pour proposer une place d&rsquo;apprentissage, contactez-nous \u00e0 <a href=\"mailto:ufa-rudloff@cfa-academique.fr\">ufa-rudloff@cfa-academique.fr<\/a>\n<ul class=\"wp-block-list\">\n<li class=\"has-small-font-size\">t\u00e9l\u00e9charger le <a href=\"https:\/\/lyceerudloff.com\/wp-content\/uploads\/2025\/06\/Fiche-dinscription-CFA-2025.pdf\" data-type=\"link\" data-id=\"https:\/\/lyceerudloff.com\/wp-content\/uploads\/2023\/09\/Formulaire-dinscription-2023.pdf\">mandat entreprise &#8211; formulaire d&rsquo;inscription<\/a><\/li>\n<\/ul>\n<\/li>\n\n\n\n<li><strong><mark class=\"has-inline-color has-luminous-vivid-orange-color\" style=\"background-color: rgba(0, 0, 0, 0);\">Apprentis ?<\/mark><\/strong><br>Envoyez <strong>un CV et une lettre de motivation<\/strong> \u00e0 <a href=\"mailto:ufa-rudloff@cfa-academique.fr\">ufa-rudloff@cfa-academique.fr<\/a>\n<ul class=\"wp-block-list\">\n<li class=\"has-small-font-size\">t\u00e9l\u00e9charger le <a href=\"https:\/\/lyceerudloff.com\/wp-content\/uploads\/2025\/06\/Fiche-dinscription-CFA-2025.pdf\" data-type=\"link\" data-id=\"https:\/\/lyceerudloff.com\/wp-content\/uploads\/2023\/09\/Formulaire-dinscription-2023.pdf\">mandat entreprise &#8211; formulaire d&rsquo;inscription<\/a><\/li>\n<\/ul>\n<\/li>\n<\/ul>\n<\/div><\/div>\n<\/div>\n","protected":false},"excerpt":{"rendered":"<p>Osez l&rsquo;apprentissage ! Nos formations Planning des rentr\u00e9es des classes d\u2019apprentis (UFA) Cliquez ici pour les dates et horaires des rentr\u00e9es UFA. Calendrier des formations Cliquer ici pour acc\u00e9der aux diff\u00e9rents calendriers et plannings. Vous souhaitez d\u00e9couvrir nos formations ou d\u00e9couvrir nos offres ? Pour d\u00e9couvrir nos formations, rendez-vous sur la page d\u00e9di\u00e9e \u00e0 notre [&hellip;]<\/p>\n","protected":false},"author":18,"featured_media":0,"parent":0,"menu_order":0,"comment_status":"closed","ping_status":"closed","template":"","meta":{"footnotes":""},"categories":[28],"tags":[144],"class_list":["post-12462","page","type-page","status-publish","hentry","category-pole-professionnel","tag-apprentissage"],"_links":{"self":[{"href":"https:\/\/lyceerudloff.com\/index.php\/wp-json\/wp\/v2\/pages\/12462","targetHints":{"allow":["GET"]}}],"collection":[{"href":"https:\/\/lyceerudloff.com\/index.php\/wp-json\/wp\/v2\/pages"}],"about":[{"href":"https:\/\/lyceerudloff.com\/index.php\/wp-json\/wp\/v2\/types\/page"}],"author":[{"embeddable":true,"href":"https:\/\/lyceerudloff.com\/index.php\/wp-json\/wp\/v2\/users\/18"}],"replies":[{"embeddable":true,"href":"https:\/\/lyceerudloff.com\/index.php\/wp-json\/wp\/v2\/comments?post=12462"}],"version-history":[{"count":27,"href":"https:\/\/lyceerudloff.com\/index.php\/wp-json\/wp\/v2\/pages\/12462\/revisions"}],"predecessor-version":[{"id":15008,"href":"https:\/\/lyceerudloff.com\/index.php\/wp-json\/wp\/v2\/pages\/12462\/revisions\/15008"}],"wp:attachment":[{"href":"https:\/\/lyceerudloff.com\/index.php\/wp-json\/wp\/v2\/media?parent=12462"}],"wp:term":[{"taxonomy":"category","embeddable":true,"href":"https:\/\/lyceerudloff.com\/index.php\/wp-json\/wp\/v2\/categories?post=12462"},{"taxonomy":"post_tag","embeddable":true,"href":"https:\/\/lyceerudloff.com\/index.php\/wp-json\/wp\/v2\/tags?post=12462"}],"curies":[{"name":"wp","href":"https:\/\/api.w.org\/{rel}","templated":true}]}}