{"id":13198,"date":"2025-05-28T20:11:33","date_gmt":"2025-05-28T18:11:33","guid":{"rendered":"https:\/\/lyceerudloff.com\/?page_id=13198"},"modified":"2025-06-23T09:20:06","modified_gmt":"2025-06-23T07:20:06","slug":"video-de-presentation","status":"publish","type":"page","link":"https:\/\/lyceerudloff.com\/index.php\/video-de-presentation\/","title":{"rendered":"Vid\u00e9o de pr\u00e9sentation"},"content":{"rendered":"\n<p class=\"has-text-align-left\"><br><br>La vid\u00e9o r\u00e9alis\u00e9e par <strong>M. Florent Kieffer<\/strong> : une visite enthousiasmante, rythm\u00e9e et parfois vertigineuse !<\/p>\n\n\n\n<div style=\"height:14px\" aria-hidden=\"true\" class=\"wp-block-spacer\"><\/div>\n\n\n\n<figure class=\"wp-block-embed is-type-video is-provider-youtube wp-block-embed-youtube wp-embed-aspect-16-9 wp-has-aspect-ratio\"><div class=\"wp-block-embed__wrapper\">\n<iframe loading=\"lazy\" title=\"Pr\u00e9sentation Lyc\u00e9e Marcel Rudloff\" width=\"640\" height=\"360\" src=\"https:\/\/www.youtube.com\/embed\/cPyk-gsMaEs?feature=oembed\" frameborder=\"0\" allow=\"accelerometer; autoplay; clipboard-write; encrypted-media; gyroscope; picture-in-picture; web-share\" referrerpolicy=\"strict-origin-when-cross-origin\" allowfullscreen><\/iframe>\n<\/div><\/figure>\n","protected":false},"excerpt":{"rendered":"<p>La vid\u00e9o r\u00e9alis\u00e9e par M. Florent Kieffer : une visite enthousiasmante, rythm\u00e9e et parfois vertigineuse !<\/p>\n","protected":false},"author":31,"featured_media":13547,"parent":0,"menu_order":0,"comment_status":"closed","ping_status":"closed","template":"","meta":{"footnotes":""},"categories":[54,35],"tags":[],"class_list":["post-13198","page","type-page","status-publish","has-post-thumbnail","hentry","category-questions-pratiques-faq","category-vie-de-letablissement"],"_links":{"self":[{"href":"https:\/\/lyceerudloff.com\/index.php\/wp-json\/wp\/v2\/pages\/13198","targetHints":{"allow":["GET"]}}],"collection":[{"href":"https:\/\/lyceerudloff.com\/index.php\/wp-json\/wp\/v2\/pages"}],"about":[{"href":"https:\/\/lyceerudloff.com\/index.php\/wp-json\/wp\/v2\/types\/page"}],"author":[{"embeddable":true,"href":"https:\/\/lyceerudloff.com\/index.php\/wp-json\/wp\/v2\/users\/31"}],"replies":[{"embeddable":true,"href":"https:\/\/lyceerudloff.com\/index.php\/wp-json\/wp\/v2\/comments?post=13198"}],"version-history":[{"count":8,"href":"https:\/\/lyceerudloff.com\/index.php\/wp-json\/wp\/v2\/pages\/13198\/revisions"}],"predecessor-version":[{"id":13548,"href":"https:\/\/lyceerudloff.com\/index.php\/wp-json\/wp\/v2\/pages\/13198\/revisions\/13548"}],"wp:featuredmedia":[{"embeddable":true,"href":"https:\/\/lyceerudloff.com\/index.php\/wp-json\/wp\/v2\/media\/13547"}],"wp:attachment":[{"href":"https:\/\/lyceerudloff.com\/index.php\/wp-json\/wp\/v2\/media?parent=13198"}],"wp:term":[{"taxonomy":"category","embeddable":true,"href":"https:\/\/lyceerudloff.com\/index.php\/wp-json\/wp\/v2\/categories?post=13198"},{"taxonomy":"post_tag","embeddable":true,"href":"https:\/\/lyceerudloff.com\/index.php\/wp-json\/wp\/v2\/tags?post=13198"}],"curies":[{"name":"wp","href":"https:\/\/api.w.org\/{rel}","templated":true}]}}