{"id":14267,"date":"2025-10-14T17:30:29","date_gmt":"2025-10-14T15:30:29","guid":{"rendered":"https:\/\/lyceerudloff.com\/?page_id=14267"},"modified":"2025-10-14T17:36:03","modified_gmt":"2025-10-14T15:36:03","slug":"pfmp","status":"publish","type":"page","link":"https:\/\/lyceerudloff.com\/index.php\/pfmp\/","title":{"rendered":"P\u00e9riodes de Formation en Milieu Professionnel (PFMP)"},"content":{"rendered":"\n<h2 class=\"wp-block-heading\">PFMP ?<\/h2>\n\n\n\n<p>Les <strong>P\u00e9riodes de Formation en Milieu Professionnel (PFMP)<\/strong> sont des <strong>stages obligatoires en entreprise<\/strong> int\u00e9gr\u00e9s dans de nombreux dipl\u00f4mes de l\u2019enseignement professionnel en France (comme les CAP, Bac Pro, BTS, etc.). Elles ont pour objectif de compl\u00e9ter la formation re\u00e7ue en \u00e9tablissement scolaire par une <strong>exp\u00e9rience concr\u00e8te sur le terrain<\/strong>.<\/p>\n\n\n\n<h3 class=\"wp-block-heading\">\ud83c\udf93 D\u00e9finition<\/h3>\n\n\n\n<p>Les PFMP sont des p\u00e9riodes durant lesquelles un \u00e9l\u00e8ve ou un apprenti quitte temporairement son \u00e9tablissement scolaire pour <strong>travailler dans une entreprise ou une organisation professionnelle<\/strong>, en lien direct avec sa formation.<br>Elles font <strong>partie int\u00e9grante du programme<\/strong> et sont <strong>obligatoires pour l\u2019obtention du dipl\u00f4me<\/strong>.<\/p>\n\n\n\n<hr class=\"wp-block-separator has-alpha-channel-opacity\"\/>\n\n\n\n<h2 class=\"wp-block-heading\">Conventions de stage<\/h2>\n\n\n\n<p>Les <strong>signatures des conventions de PFMP<\/strong> au lyc\u00e9e professionnel sont \u00e0 pr\u00e9sent <strong>enti\u00e8rement num\u00e9riques<\/strong>. <br>Les parents signeront via un message qui leur sera envoy\u00e9 sur Pronote.<\/p>\n\n\n\n<hr class=\"wp-block-separator has-alpha-channel-opacity\"\/>\n\n\n\n<div class=\"wp-block-columns is-layout-flex wp-container-core-columns-is-layout-9d6595d7 wp-block-columns-is-layout-flex\">\n<div class=\"wp-block-column is-layout-flow wp-block-column-is-layout-flow\">\n<div class=\"wp-block-group\"><div class=\"wp-block-group__inner-container is-layout-constrained wp-block-group-is-layout-constrained\">\n<h3 class=\"wp-block-heading\">Explications :<\/h3>\n\n\n\n<p>Vous trouverez ci-dessous<a href=\"#notice\"> <strong>la notice explicative pour les signatures de conventions de stage<\/strong><\/a>.<\/p>\n<\/div><\/div>\n<\/div>\n\n\n\n<div class=\"wp-block-column is-layout-flow wp-block-column-is-layout-flow\">\n<div class=\"wp-block-group\"><div class=\"wp-block-group__inner-container is-layout-constrained wp-block-group-is-layout-constrained\">\n<h3 class=\"wp-block-heading has-text-align-center\"><a href=\"https:\/\/lyceerudloff.com\/index.php\/2025\/09\/01\/se-connecter-a-pronote-depuis-septembre-2025\/\">Se connecter \u00e0 pronote :<\/a><\/h3>\n\n\n<div class=\"wp-block-image\">\n<figure class=\"aligncenter size-full\"><a href=\"https:\/\/lyceerudloff.com\/index.php\/2025\/09\/01\/se-connecter-a-pronote-depuis-septembre-2025\/\"><img loading=\"lazy\" decoding=\"async\" width=\"104\" height=\"42\" src=\"https:\/\/lyceerudloff.com\/wp-content\/uploads\/2022\/10\/pronote42.png\" alt=\"\" class=\"wp-image-8750\" srcset=\"https:\/\/lyceerudloff.com\/wp-content\/uploads\/2022\/10\/pronote42.png 104w, https:\/\/lyceerudloff.com\/wp-content\/uploads\/2022\/10\/pronote42-24x10.png 24w, https:\/\/lyceerudloff.com\/wp-content\/uploads\/2022\/10\/pronote42-36x15.png 36w, https:\/\/lyceerudloff.com\/wp-content\/uploads\/2022\/10\/pronote42-48x19.png 48w\" sizes=\"auto, (max-width: 104px) 100vw, 104px\" \/><\/a><\/figure>\n<\/div><\/div><\/div>\n<\/div>\n<\/div>\n\n\n\n<hr class=\"wp-block-separator has-alpha-channel-opacity\"\/>\n\n\n\n<h2 class=\"wp-block-heading\">Calendrier<\/h2>\n\n\n\n<p>Vous trouverez <strong><a href=\"https:\/\/lyceerudloff.com\/index.php\/2025\/09\/19\/calendrier-pfmp\/\" data-type=\"post\" data-id=\"13710\">sur cette page les calendriers \u00e0 jour<\/a>.<\/strong><\/p>\n\n\n\n<hr class=\"wp-block-separator has-alpha-channel-opacity\"\/>\n\n\n\n<h2 class=\"wp-block-heading\">Notice pour la signature \u00e9lectronique :<\/h2>\n\n\n\n<div data-wp-interactive=\"core\/file\" id=\"notice\" class=\"wp-block-file\"><object data-wp-bind--hidden=\"!state.hasPdfPreview\" hidden class=\"wp-block-file__embed\" data=\"https:\/\/lyceerudloff.com\/wp-content\/uploads\/2025\/10\/Notice-signature-convention-de-stage.pdf\" type=\"application\/pdf\" style=\"width:100%;height:600px\" aria-label=\"Contenu embarqu\u00e9 Notice signature convention de stage.\"><\/object><a id=\"wp-block-file--media-3d2e051a-709d-4e6c-8503-53c7a7ae0125\" href=\"https:\/\/lyceerudloff.com\/wp-content\/uploads\/2025\/10\/Notice-signature-convention-de-stage.pdf\">Notice signature convention de stage<\/a><a href=\"https:\/\/lyceerudloff.com\/wp-content\/uploads\/2025\/10\/Notice-signature-convention-de-stage.pdf\" class=\"wp-block-file__button wp-element-button\" download aria-describedby=\"wp-block-file--media-3d2e051a-709d-4e6c-8503-53c7a7ae0125\">T\u00e9l\u00e9charger<\/a><\/div>\n","protected":false},"excerpt":{"rendered":"<p>PFMP ? Les P\u00e9riodes de Formation en Milieu Professionnel (PFMP) sont des stages obligatoires en entreprise int\u00e9gr\u00e9s dans de nombreux dipl\u00f4mes de l\u2019enseignement professionnel en France (comme les CAP, Bac Pro, BTS, etc.). Elles ont pour objectif de compl\u00e9ter la formation re\u00e7ue en \u00e9tablissement scolaire par une exp\u00e9rience concr\u00e8te sur le terrain. \ud83c\udf93 D\u00e9finition Les [&hellip;]<\/p>\n","protected":false},"author":18,"featured_media":13711,"parent":0,"menu_order":0,"comment_status":"closed","ping_status":"closed","template":"","meta":{"footnotes":""},"categories":[28,54],"tags":[144,58,56,55,57],"class_list":["post-14267","page","type-page","status-publish","has-post-thumbnail","hentry","category-pole-professionnel","category-questions-pratiques-faq","tag-apprentissage","tag-cap-elec","tag-sn","tag-melec","tag-mspc"],"_links":{"self":[{"href":"https:\/\/lyceerudloff.com\/index.php\/wp-json\/wp\/v2\/pages\/14267","targetHints":{"allow":["GET"]}}],"collection":[{"href":"https:\/\/lyceerudloff.com\/index.php\/wp-json\/wp\/v2\/pages"}],"about":[{"href":"https:\/\/lyceerudloff.com\/index.php\/wp-json\/wp\/v2\/types\/page"}],"author":[{"embeddable":true,"href":"https:\/\/lyceerudloff.com\/index.php\/wp-json\/wp\/v2\/users\/18"}],"replies":[{"embeddable":true,"href":"https:\/\/lyceerudloff.com\/index.php\/wp-json\/wp\/v2\/comments?post=14267"}],"version-history":[{"count":4,"href":"https:\/\/lyceerudloff.com\/index.php\/wp-json\/wp\/v2\/pages\/14267\/revisions"}],"predecessor-version":[{"id":14274,"href":"https:\/\/lyceerudloff.com\/index.php\/wp-json\/wp\/v2\/pages\/14267\/revisions\/14274"}],"wp:featuredmedia":[{"embeddable":true,"href":"https:\/\/lyceerudloff.com\/index.php\/wp-json\/wp\/v2\/media\/13711"}],"wp:attachment":[{"href":"https:\/\/lyceerudloff.com\/index.php\/wp-json\/wp\/v2\/media?parent=14267"}],"wp:term":[{"taxonomy":"category","embeddable":true,"href":"https:\/\/lyceerudloff.com\/index.php\/wp-json\/wp\/v2\/categories?post=14267"},{"taxonomy":"post_tag","embeddable":true,"href":"https:\/\/lyceerudloff.com\/index.php\/wp-json\/wp\/v2\/tags?post=14267"}],"curies":[{"name":"wp","href":"https:\/\/api.w.org\/{rel}","templated":true}]}}