{"id":530,"date":"2020-02-19T20:13:12","date_gmt":"2020-02-19T19:13:12","guid":{"rendered":"http:\/\/lyceerudloff.com\/?page_id=530"},"modified":"2025-06-12T18:19:49","modified_gmt":"2025-06-12T16:19:49","slug":"pole-humanites","status":"publish","type":"page","link":"https:\/\/lyceerudloff.com\/index.php\/pole-humanites\/","title":{"rendered":"P\u00f4le Humanit\u00e9s"},"content":{"rendered":"\n<h2 class=\"wp-block-heading\">Lettres, philosophie, arts, sciences humaines, EPS&#8230;<\/h2>\n\n\n\n<h3 class=\"wp-block-heading\">Le lyc\u00e9e Rudloff accompagne les \u00e9l\u00e8ves et les motive pour acqu\u00e9rir une culture riche et une vision du monde \u00e9clair\u00e9e.<\/h3>\n\n\n\n<p>De nombreuses activit\u00e9s et ateliers sont propos\u00e9s depuis des ann\u00e9es, c&rsquo;est un marqueur fort de notre identit\u00e9 : <em><strong>ateliers lecture, pr\u00e9paration pour les concours de sciences politiques, option Th\u00e9\u00e2tre, ouverture de l&rsquo;option Latin&#8230;<\/strong><\/em><\/p>\n\n\n\n<style>\n\n#conteneur_vignettes\n{\n    display : grid;\n    grid-template-columns: 1fr 1fr 1fr;\n    grid-gap:24px;\n    justify-content: space-around;\n    margin-left:auto;\n    margin-right:auto;\n}\n\n@media (max-width: 1140px) \n{\n    #conteneur_vignettes\n    {\n        grid-template-columns: 1fr 1fr;\n    }\n}\n\n@media (max-width: 860px) \n{\n    #conteneur_vignettes\n    {\n        grid-template-columns: 1fr;\n    }\n}\n\n.overlay-fade\n{\n    display : block;\n    margin-left:auto;\n    margin-right:auto;\n    width : 240px!important;\n    height : 240px!important;\n    position: relative;\n    color:white;\n    font-weight: bold;\n    text-align: center;\n\n}\n\n.overlay-fade a{\ndecoration : none;\ncolor : #fff;\n}\n\n\n.overlay-fade a:hover{\ndecoration : none;\ncolor : #08f;\n}\n\n.texte_categorie\n{\n  position: absolute;\n  top: 50%;\n  left: 50%;\n  transform: translate(-50%, -50%);\n  color:white;\n  padding:2%;\n  border-radius: 10%;\n  background-color: #b0b0b0;\n  \n}\n<\/style>\n\n<div id=\"conteneur_vignettes\">\n<div class=\"overlay-fade\">\n<img decoding=\"async\" src=\"https:\/\/lyceerudloff.com\/wp-content\/uploads\/2020\/06\/globe_carre.jpg\" style=\"width: 240px;\">\n<a href=\"http:\/\/lyceerudloff.com\/index.php\/tag\/hlp\/\" class=\"texte_categorie\">HLP<\/a>\n<\/div>\n\n<div class=\"overlay-fade\">\n<img decoding=\"async\" src=\"https:\/\/lyceerudloff.com\/wp-content\/uploads\/2021\/01\/litterature.jpg\" style=\"width: 240px;\">\n<a href=\"http:\/\/lyceerudloff.com\/index.php\/tag\/francais\/\" class=\"texte_categorie\">Fran\u00e7ais Litt\u00e9rature<\/a>\n<\/div>\n\n<div class=\"overlay-fade\">\n<img decoding=\"async\" src=\"http:\/\/lyceerudloff.com\/wp-content\/uploads\/2020\/03\/theatre.jpg\" style=\"width: 240px;\">\n<a href=\"http:\/\/lyceerudloff.com\/index.php\/tag\/theatre\/\" class=\"texte_categorie\">Th\u00e9\u00e2tre<\/a>\n<\/div>\n\n<div class=\"overlay-fade\">\n<img decoding=\"async\" src=\"https:\/\/lyceerudloff.com\/wp-content\/uploads\/2025\/06\/vignette_culture_patrimoine_240.jpg\" style=\"width: 240px;\">\n<a href=\"https:\/\/lyceerudloff.com\/index.php\/2025\/06\/05\/seconde-culture-patrimoine\/\" class=\"texte_categorie\">\u00ab Culture &#038; Patrimoine \u00bb<\/a>\n<\/div>\n\n<div class=\"overlay-fade\">\n<img decoding=\"async\" src=\"https:\/\/lyceerudloff.com\/wp-content\/uploads\/2025\/06\/vignette-eco-projet.jpg\" style=\"width: 240px;\">\n<a href=\"https:\/\/lyceerudloff.com\/index.php\/2025\/05\/14\/classe-eco-projet\/\" class=\"texte_categorie\">\u00ab Eco-Projet \u00bb<\/a>\n<\/div>\n\n<div class=\"overlay-fade\">\n<img decoding=\"async\" src=\"http:\/\/lyceerudloff.com\/wp-content\/uploads\/2020\/03\/humaines.jpg\" style=\"width: 240px;\">\n<a href=\"http:\/\/lyceerudloff.com\/index.php\/tag\/sciences-humaines\/\" class=\"texte_categorie\">Sciences Humaines<\/a>\n<\/div>\n\n<div class=\"overlay-fade\">\n<img decoding=\"async\" src=\"https:\/\/lyceerudloff.com\/wp-content\/uploads\/2021\/01\/image_menu_tags.jpg\" style=\"width: 240px;\">\n<a href=\"http:\/\/lyceerudloff.com\/index.php\/tag\/ses\/\" class=\"texte_categorie\">SES<\/a>\n<\/div>\n\n<div class=\"overlay-fade\">\n<img decoding=\"async\" src=\"http:\/\/lyceerudloff.com\/wp-content\/uploads\/2020\/03\/cdi.jpg\" style=\"width: 240px;\">\n<a href=\"http:\/\/lyceerudloff.com\/index.php\/tag\/cdi-lecture\/\" class=\"texte_categorie\">CDI \/ Lecture<\/a>\n<\/div>\n\n<div class=\"overlay-fade\">\n<img decoding=\"async\" src=\"http:\/\/lyceerudloff.com\/wp-content\/uploads\/2020\/03\/reussite.jpg\" style=\"width: 240px;\">\n<a href=\"http:\/\/lyceerudloff.com\/index.php\/tag\/cordees-de-la-reussite\/\" class=\"texte_categorie\">Cord\u00e9es R\u00e9ussite<\/a>\n<\/div>\n\n<div class=\"overlay-fade\">\n<img decoding=\"async\" src=\"http:\/\/lyceerudloff.com\/wp-content\/uploads\/2020\/03\/latin.jpg\" style=\"width: 240px;\">\n<a href=\"http:\/\/lyceerudloff.com\/index.php\/tag\/latin\/\" class=\"texte_categorie\">Latin<\/a>\n<\/div>\n\n<div class=\"overlay-fade\">\n<img decoding=\"async\" src=\"https:\/\/lyceerudloff.com\/wp-content\/uploads\/2020\/06\/philocarre.png\" style=\"width: 240px;\">\n<a href=\"http:\/\/lyceerudloff.com\/index.php\/tag\/philosophie\/\" class=\"texte_categorie\">Philosophie<\/a>\n<\/div>\n\n<div class=\"overlay-fade\">\n<img decoding=\"async\" src=\"https:\/\/lyceerudloff.com\/wp-content\/uploads\/2022\/06\/stmg.jpg\" style=\"width: 240px;\">\n<a href=\"https:\/\/lyceerudloff.com\/index.php\/tag\/stmg\/\" class=\"texte_categorie\">STMG<\/a>\n<\/div>\n\n<div class=\"overlay-fade\">\n<img decoding=\"async\" src=\"https:\/\/lyceerudloff.com\/wp-content\/uploads\/2023\/05\/DGEMC_vignette.jpg\" style=\"width: 240px;\">\n<a href=\"http:\/\/lyceerudloff.com\/index.php\/tag\/DGEMC\/\" class=\"texte_categorie\">DGEMC<\/a>\n<\/div>\n\n<div class=\"overlay-fade\">\n<img decoding=\"async\" src=\"http:\/\/lyceerudloff.com\/wp-content\/uploads\/2020\/03\/politiques.jpg\" style=\"width: 240px;\">\n<a href=\"http:\/\/lyceerudloff.com\/index.php\/tag\/sciences-politiques\/\" class=\"texte_categorie\">Sciences Politiques<\/a>\n<\/div>\n\n<div class=\"overlay-fade\">\n<img decoding=\"async\" src=\"http:\/\/lyceerudloff.com\/wp-content\/uploads\/2020\/03\/cinema.jpg\" style=\"width: 240px;\">\n<a href=\"http:\/\/lyceerudloff.com\/index.php\/tag\/cinema\/\" class=\"texte_categorie\">Cin\u00e9ma<\/a>\n<\/div>\n\n<div class=\"overlay-fade\">\n<img decoding=\"async\" src=\"http:\/\/lyceerudloff.com\/wp-content\/uploads\/2020\/03\/eps.png\" style=\"width: 240px;\">\n<a href=\"http:\/\/lyceerudloff.com\/index.php\/tag\/eps\/\" class=\"texte_categorie\">EPS<\/a>\n<\/div>\n\n<div class=\"overlay-fade\">\n<img decoding=\"async\" src=\"http:\/\/lyceerudloff.com\/wp-content\/uploads\/2020\/03\/mini-Sortie-au-Temple-Zen-a-Weiterswiller.jpg\" style=\"width: 240px;\">\n<a href=\"http:\/\/lyceerudloff.com\/index.php\/tag\/ecrr\/\" class=\"texte_categorie\">ECRR<\/a>\n<\/div>\n\n<\/div>\n\n\n\n<div style=\"height:80px\" aria-hidden=\"true\" class=\"wp-block-spacer\"><\/div>\n\n\n\n<p>Cliquez sur l&rsquo;une des images ci-dessus pour naviguer entre les diff\u00e9rentes pr\u00e9sentations.<\/p>\n\n\n\n<br><h2><a href=\"https:\/\/lyceerudloff.com\/index.php\/category\/pole-humanites\/\">Tous les articles du P\u00f4le Humanit\u00e9s en cliquant ici !<\/a><\/h2>\n","protected":false},"excerpt":{"rendered":"<p>Lettres, philosophie, arts, sciences humaines, EPS&#8230; Le lyc\u00e9e Rudloff accompagne les \u00e9l\u00e8ves et les motive pour acqu\u00e9rir une culture riche et une vision du monde \u00e9clair\u00e9e. De nombreuses activit\u00e9s et ateliers sont propos\u00e9s depuis des ann\u00e9es, c&rsquo;est un marqueur fort de notre identit\u00e9 : ateliers lecture, pr\u00e9paration pour les concours de sciences politiques, option Th\u00e9\u00e2tre, [&hellip;]<\/p>\n","protected":false},"author":18,"featured_media":0,"parent":0,"menu_order":0,"comment_status":"closed","ping_status":"closed","template":"","meta":{"footnotes":""},"categories":[],"tags":[],"class_list":["post-530","page","type-page","status-publish","hentry"],"_links":{"self":[{"href":"https:\/\/lyceerudloff.com\/index.php\/wp-json\/wp\/v2\/pages\/530","targetHints":{"allow":["GET"]}}],"collection":[{"href":"https:\/\/lyceerudloff.com\/index.php\/wp-json\/wp\/v2\/pages"}],"about":[{"href":"https:\/\/lyceerudloff.com\/index.php\/wp-json\/wp\/v2\/types\/page"}],"author":[{"embeddable":true,"href":"https:\/\/lyceerudloff.com\/index.php\/wp-json\/wp\/v2\/users\/18"}],"replies":[{"embeddable":true,"href":"https:\/\/lyceerudloff.com\/index.php\/wp-json\/wp\/v2\/comments?post=530"}],"version-history":[{"count":100,"href":"https:\/\/lyceerudloff.com\/index.php\/wp-json\/wp\/v2\/pages\/530\/revisions"}],"predecessor-version":[{"id":13392,"href":"https:\/\/lyceerudloff.com\/index.php\/wp-json\/wp\/v2\/pages\/530\/revisions\/13392"}],"wp:attachment":[{"href":"https:\/\/lyceerudloff.com\/index.php\/wp-json\/wp\/v2\/media?parent=530"}],"wp:term":[{"taxonomy":"category","embeddable":true,"href":"https:\/\/lyceerudloff.com\/index.php\/wp-json\/wp\/v2\/categories?post=530"},{"taxonomy":"post_tag","embeddable":true,"href":"https:\/\/lyceerudloff.com\/index.php\/wp-json\/wp\/v2\/tags?post=530"}],"curies":[{"name":"wp","href":"https:\/\/api.w.org\/{rel}","templated":true}]}}