{"id":534,"date":"2020-02-19T20:13:53","date_gmt":"2020-02-19T19:13:53","guid":{"rendered":"http:\/\/lyceerudloff.com\/?page_id=534"},"modified":"2025-03-31T18:01:19","modified_gmt":"2025-03-31T16:01:19","slug":"pole-international","status":"publish","type":"page","link":"https:\/\/lyceerudloff.com\/index.php\/pole-international\/","title":{"rendered":"P\u00f4le International"},"content":{"rendered":"\n<h3 class=\"wp-block-heading\">Fier de son <a href=\"http:\/\/lyceerudloff.com\/index.php\/2020\/03\/04\/certilingua\/\">label d\u2019excellence CertiLingua<\/a>, de sa <a href=\"http:\/\/lyceerudloff.com\/index.php\/tag\/abibac\/\">fili\u00e8re ABIBAC<\/a>, de ses sections europ\u00e9ennes, le lyc\u00e9e Marcel Rudloff a une exp\u00e9rience reconnue dans son \u00ab P\u00f4le International \u00bb.<\/h3>\n\n\n\n<p><em>Enseignement riches, voyages, \u00e0 d\u00e9couvrir en cliquant ci-dessous&#8230;<\/em><\/p>\n\n\n\n<style>\n\n#conteneur_vignettes\n{\n    display : grid;\n    grid-template-columns: 1fr 1fr 1fr;\n    grid-gap:24px;\n    justify-content: space-around;\n    margin-left:auto;\n    margin-right:auto;\n}\n\n@media (max-width: 1140px) \n{\n    #conteneur_vignettes\n    {\n        grid-template-columns: 1fr 1fr;\n    }\n}\n\n@media (max-width: 860px) \n{\n    #conteneur_vignettes\n    {\n        grid-template-columns: 1fr;\n    }\n}\n\n.overlay-fade\n{\n    display : block;\n    margin-left:auto;\n    margin-right:auto;\n    width : 240px!important;\n    height : 240px!important;\n    position: relative;\n    color:white;\n    font-weight: bold;\n    text-align: center;\n\n}\n\n.overlay-fade a{\ndecoration : none;\ncolor : #fff;\n}\n\n\n.overlay-fade a:hover{\ndecoration : none;\ncolor : #08f;\n}\n\n.texte_categorie\n{\n  position: absolute;\n  top: 50%;\n  left: 50%;\n  transform: translate(-50%, -50%);\n  color:white;\n  padding:2%;\n  border-radius: 10%;\n  background-color: #b0b0b0;\n  \n}\n<\/style>\n\n<div id=\"conteneur_vignettes\">\n<div class=\"overlay-fade\">\n<img decoding=\"async\" src=\"http:\/\/lyceerudloff.com\/wp-content\/uploads\/2020\/03\/anglais.jpg\" style=\"width: 240px;\">\n<a href=\"http:\/\/lyceerudloff.com\/index.php\/tag\/anglais\/\" class=\"texte_categorie\">Anglais<\/a>\n<\/div>\n\n<div class=\"overlay-fade\">\n<img decoding=\"async\" src=\"http:\/\/lyceerudloff.com\/wp-content\/uploads\/2020\/03\/allemand.jpg\" style=\"width: 240px;\">\n<a href=\"http:\/\/lyceerudloff.com\/index.php\/tag\/allemand\/\" class=\"texte_categorie\">Allemand<\/a>\n<\/div>\n\n<div class=\"overlay-fade\">\n<img decoding=\"async\" src=\"http:\/\/lyceerudloff.com\/wp-content\/uploads\/2020\/03\/espagnol.jpg\" style=\"width: 240px;\">\n<a href=\"http:\/\/lyceerudloff.com\/index.php\/tag\/espagnol\/\" class=\"texte_categorie\">Espagnol<\/a>\n<\/div>\n\n<div class=\"overlay-fade\">\n<img decoding=\"async\" src=\"http:\/\/lyceerudloff.com\/wp-content\/uploads\/2020\/03\/voyages.jpg\" style=\"width: 240px;\">\n<a href=\"http:\/\/lyceerudloff.com\/index.php\/tag\/voyages-echanges\/\" class=\"texte_categorie\">Voyages \/ \u00c9changes<\/a>\n<\/div>\n\n<div class=\"overlay-fade\">\n<img decoding=\"async\" src=\"http:\/\/lyceerudloff.com\/wp-content\/uploads\/2020\/03\/abibac.jpg\" style=\"width: 240px;\">\n<a href=\"http:\/\/lyceerudloff.com\/index.php\/tag\/abibac\/\" class=\"texte_categorie\">Abibac<\/a>\n<\/div>\n\n<div class=\"overlay-fade\">\n<img decoding=\"async\" src=\"http:\/\/lyceerudloff.com\/wp-content\/uploads\/2020\/03\/azubi.jpg\" style=\"width: 240px;\">\n<a href=\"http:\/\/lyceerudloff.com\/index.php\/tag\/azubi\/\" class=\"texte_categorie\">Azubi<\/a>\n<\/div>\n\n<div class=\"overlay-fade\">\n<img decoding=\"async\" src=\"http:\/\/lyceerudloff.com\/wp-content\/uploads\/2020\/03\/certilingua-1.jpg\" style=\"width: 240px;\">\n<a href=\"http:\/\/lyceerudloff.com\/index.php\/tag\/section-europeenne\/\" class=\"texte_categorie\">Section Europ\u00e9enne<\/a>\n<\/div>\n\n<div class=\"overlay-fade\">\n<img decoding=\"async\" src=\"https:\/\/lyceerudloff.com\/wp-content\/uploads\/2023\/01\/certlingua_logo.jpg\" style=\"width: 240px;\">\n<a href=\"http:\/\/lyceerudloff.com\/index.php\/tag\/certilingua\/\" class=\"texte_categorie\">Certilingua<\/a>\n<\/div>\n<\/div>\n\n\n\n<div style=\"height:79px\" aria-hidden=\"true\" class=\"wp-block-spacer\"><\/div>\n\n\n\n<p>Cliquez sur l&rsquo;une des images ci-dessus pour naviguer entre les diff\u00e9rentes pr\u00e9sentations.<\/p>\n\n\n\n<br><h2><a href=\"https:\/\/lyceerudloff.com\/index.php\/category\/pole-international\/\">Tous les articles du P\u00f4le International en cliquant ici !<\/a><\/h2>\n","protected":false},"excerpt":{"rendered":"<p>Fier de son label d\u2019excellence CertiLingua, de sa fili\u00e8re ABIBAC, de ses sections europ\u00e9ennes, le lyc\u00e9e Marcel Rudloff a une exp\u00e9rience reconnue dans son \u00ab P\u00f4le International \u00bb. Enseignement riches, voyages, \u00e0 d\u00e9couvrir en cliquant ci-dessous&#8230; Anglais Allemand Espagnol Voyages \/ \u00c9changes Abibac Azubi Section Europ\u00e9enne Certilingua Cliquez sur l&rsquo;une des images ci-dessus pour naviguer [&hellip;]<\/p>\n","protected":false},"author":18,"featured_media":0,"parent":0,"menu_order":0,"comment_status":"closed","ping_status":"closed","template":"","meta":{"footnotes":""},"categories":[],"tags":[],"class_list":["post-534","page","type-page","status-publish","hentry"],"_links":{"self":[{"href":"https:\/\/lyceerudloff.com\/index.php\/wp-json\/wp\/v2\/pages\/534","targetHints":{"allow":["GET"]}}],"collection":[{"href":"https:\/\/lyceerudloff.com\/index.php\/wp-json\/wp\/v2\/pages"}],"about":[{"href":"https:\/\/lyceerudloff.com\/index.php\/wp-json\/wp\/v2\/types\/page"}],"author":[{"embeddable":true,"href":"https:\/\/lyceerudloff.com\/index.php\/wp-json\/wp\/v2\/users\/18"}],"replies":[{"embeddable":true,"href":"https:\/\/lyceerudloff.com\/index.php\/wp-json\/wp\/v2\/comments?post=534"}],"version-history":[{"count":27,"href":"https:\/\/lyceerudloff.com\/index.php\/wp-json\/wp\/v2\/pages\/534\/revisions"}],"predecessor-version":[{"id":12753,"href":"https:\/\/lyceerudloff.com\/index.php\/wp-json\/wp\/v2\/pages\/534\/revisions\/12753"}],"wp:attachment":[{"href":"https:\/\/lyceerudloff.com\/index.php\/wp-json\/wp\/v2\/media?parent=534"}],"wp:term":[{"taxonomy":"category","embeddable":true,"href":"https:\/\/lyceerudloff.com\/index.php\/wp-json\/wp\/v2\/categories?post=534"},{"taxonomy":"post_tag","embeddable":true,"href":"https:\/\/lyceerudloff.com\/index.php\/wp-json\/wp\/v2\/tags?post=534"}],"curies":[{"name":"wp","href":"https:\/\/api.w.org\/{rel}","templated":true}]}}